{"id":23,"date":"2014-12-11T22:21:31","date_gmt":"2014-12-11T22:21:31","guid":{"rendered":"http:\/\/canis-webdesign.de\/?page_id=23"},"modified":"2019-01-23T20:37:44","modified_gmt":"2019-01-23T20:37:44","slug":"partner","status":"publish","type":"page","link":"http:\/\/canis-webdesign.de\/?page_id=23","title":{"rendered":"Webhosting Partner"},"content":{"rendered":"<p>Im Bereich Webhosting arbeiten wir bevorzugt mit folgenden Providern<\/p>\n<h2><a href=\"https:\/\/www.ionos.de\/\" target=\"_blank\" rel=\"noopener\"><span style=\"color: #333399;\">1&amp;1 IONOS<\/span><\/a><\/h2>\n<h2><a href=\"https:\/\/www.strato.de\/\" target=\"_blank\" rel=\"noopener\"><span style=\"color: #0000ff;\"><span style=\"color: #333399;\">STRATO<\/span><\/span><\/a><\/h2>\n<p>die g\u00fcnstige und umfangreiche Angebote f\u00fcr neue Projekte haben,<br \/>\naber auch andere Anbieter (z.B. bei vorhandenen Seiten) sind kein Problem.<\/p>\n<p>&nbsp;<\/p>\n<p>F\u00fcr Kunden aus \u00d6sterreich empfehlen wir als Webhoster<\/p>\n<h2><a href=\"https:\/\/www.world4you.com\/\" target=\"_blank\" rel=\"noopener\"><em><span style=\"color: #333399;\">WORLD4YOU<\/span><\/em><\/a><\/h2>\n","protected":false},"excerpt":{"rendered":"<p>Im Bereich Webhosting arbeiten wir bevorzugt mit folgenden Providern 1&amp;1 IONOS STRATO die g\u00fcnstige und umfangreiche Angebote f\u00fcr neue Projekte haben, aber auch andere Anbieter (z.B. bei vorhandenen Seiten) sind kein Problem. &nbsp; F\u00fcr Kunden aus \u00d6sterreich empfehlen wir als Webhoster WORLD4YOU<\/p>\n","protected":false},"author":2,"featured_media":0,"parent":0,"menu_order":3,"comment_status":"closed","ping_status":"closed","template":"","meta":{"footnotes":""},"class_list":["post-23","page","type-page","status-publish","hentry"],"_links":{"self":[{"href":"http:\/\/canis-webdesign.de\/index.php?rest_route=\/wp\/v2\/pages\/23","targetHints":{"allow":["GET"]}}],"collection":[{"href":"http:\/\/canis-webdesign.de\/index.php?rest_route=\/wp\/v2\/pages"}],"about":[{"href":"http:\/\/canis-webdesign.de\/index.php?rest_route=\/wp\/v2\/types\/page"}],"author":[{"embeddable":true,"href":"http:\/\/canis-webdesign.de\/index.php?rest_route=\/wp\/v2\/users\/2"}],"replies":[{"embeddable":true,"href":"http:\/\/canis-webdesign.de\/index.php?rest_route=%2Fwp%2Fv2%2Fcomments&post=23"}],"version-history":[{"count":9,"href":"http:\/\/canis-webdesign.de\/index.php?rest_route=\/wp\/v2\/pages\/23\/revisions"}],"predecessor-version":[{"id":653,"href":"http:\/\/canis-webdesign.de\/index.php?rest_route=\/wp\/v2\/pages\/23\/revisions\/653"}],"wp:attachment":[{"href":"http:\/\/canis-webdesign.de\/index.php?rest_route=%2Fwp%2Fv2%2Fmedia&parent=23"}],"curies":[{"name":"wp","href":"https:\/\/api.w.org\/{rel}","templated":true}]}}