{"id":2,"date":"2014-12-11T20:50:45","date_gmt":"2014-12-11T20:50:45","guid":{"rendered":"http:\/\/canis-webdesign.de\/?page_id=2"},"modified":"2024-11-29T19:01:47","modified_gmt":"2024-11-29T19:01:47","slug":"beispiel-seite","status":"publish","type":"page","link":"http:\/\/canis-webdesign.de\/?page_id=2","title":{"rendered":"About Us"},"content":{"rendered":"<p>Im Jahr 2001 habe ich erstmalig mit der Webseitenerstellung (HTML) begonnen. Nach und nach kamen weitere Projekte (privat und Vereine) dazu. Durch die umfangreicher werdenden Seiten konnten Erfahrungen in Gestaltung und Programmierung (verschiedene Script-Sprachen) gesammelt werden. U.a wurden auch Datenbank-Anwendungen\u00a0 f\u00fcr verschiedene Zwecke erstellt und installiert.<\/p>\n<p>Nachdem ein erstes Forum bei einem kostenlosten Anbieter nach kurzer Zeit wieder eingestellt wurde, kam die Idee ein Forum selbst zu installieren. Es sollte aber nicht nur die Forensoftware sein, sondern zus\u00e4tzlich ein Portal mit Informationen,\u00a0 Fotogalerie usw. Die Wahl fiel 2006 auf das CMS PragmaMX mit SMF (Forum), das sich bew\u00e4hrt hat und \u00fcber 10 Jahre im Einsatz war, bis das Forum aufgrund r\u00fccklaufigem Interesse der User 2018 endg\u00fcltig eingestellt wurde.<\/p>\n<p>ab 2009 folgte die Umstellung verschiedener Seiten von HTML \/ CSS auf das CMS Joomla, das gegen\u00fcber den alten Versionen Design und Inhalte besser trennt. Ausserdem ist, z.B. bei Vereinen, die Inhaltsbearbeitung durch verschieden Personen m\u00f6glich sowie Trennung der Inhalte (Sichtbarkeit) f\u00fcr Besucher bzw. reg. User. Dieses System ist besonders f\u00fcr umfangreiche Seiten mit vielf\u00e4ltig gegliederten Inhalten geeignet.<\/p>\n<p>Nachdem bereits seit 2006 Blogs von WordPress.com eingesetzt wurden, werden mittlerweile auch selbst gehostete WordPress Seiten betreut, die sich sowohl f\u00fcr Blogs (Tageb\u00fccher) als auch f\u00fcr sonstige nicht zu umfangreiche Seiten eignen. Diese sind (z.B. bei Vereinen) auch von wenig pc-ge\u00fcbten Personen inhaltlich zu aktualisieren und ben\u00f6tigen wenig Wartung.<\/p>\n<p>Beispiele finden Sie unter Referenzen sowie den verlinkten aktiven Seiten.<\/p>\n<p>Die CMS-Versionen (Joomla, WordPress) ben\u00f6tigen im Hintergrund MySQL Datenbanken und mehr Speicherplatz als die alten HTML Seiten, was bei dem Vertrag mit einem Webhoster zu ber\u00fccksichtigen ist. Es m\u00fcssen regelm\u00e4ssig Sicherheitsupdates oder Anpassungen an neue techn. Standards eingespielt werden, d.h. auch bei Inhaltlicher Betreuung durch den Eigent\u00fcmer m\u00fcssen einmal erstellte Webseiten regelm\u00e4ssig gewartet und auf dem aktuellen Stand gehalten werden.<\/p>\n<p>Wir \u00fcbernehmen sowohl Webseitenerstellung und nachfolgende Wartung als auch bei Bedarf Einarbeitung der Eigent\u00fcmer, um die Seiten selbst zu betreuen.<\/p>\n<p>&nbsp;<\/p>\n","protected":false},"excerpt":{"rendered":"<p>Im Jahr 2001 habe ich erstmalig mit der Webseitenerstellung (HTML) begonnen. Nach und nach kamen weitere Projekte (privat und Vereine) dazu. Durch die umfangreicher werdenden Seiten konnten Erfahrungen in Gestaltung und Programmierung (verschiedene Script-Sprachen) gesammelt werden. U.a wurden auch Datenbank-Anwendungen\u00a0 f\u00fcr verschiedene Zwecke erstellt und installiert. Nachdem ein erstes Forum bei einem kostenlosten Anbieter nach [&hellip;]<\/p>\n","protected":false},"author":1,"featured_media":0,"parent":0,"menu_order":0,"comment_status":"closed","ping_status":"open","template":"","meta":{"footnotes":""},"class_list":["post-2","page","type-page","status-publish","hentry"],"_links":{"self":[{"href":"http:\/\/canis-webdesign.de\/index.php?rest_route=\/wp\/v2\/pages\/2","targetHints":{"allow":["GET"]}}],"collection":[{"href":"http:\/\/canis-webdesign.de\/index.php?rest_route=\/wp\/v2\/pages"}],"about":[{"href":"http:\/\/canis-webdesign.de\/index.php?rest_route=\/wp\/v2\/types\/page"}],"author":[{"embeddable":true,"href":"http:\/\/canis-webdesign.de\/index.php?rest_route=\/wp\/v2\/users\/1"}],"replies":[{"embeddable":true,"href":"http:\/\/canis-webdesign.de\/index.php?rest_route=%2Fwp%2Fv2%2Fcomments&post=2"}],"version-history":[{"count":7,"href":"http:\/\/canis-webdesign.de\/index.php?rest_route=\/wp\/v2\/pages\/2\/revisions"}],"predecessor-version":[{"id":816,"href":"http:\/\/canis-webdesign.de\/index.php?rest_route=\/wp\/v2\/pages\/2\/revisions\/816"}],"wp:attachment":[{"href":"http:\/\/canis-webdesign.de\/index.php?rest_route=%2Fwp%2Fv2%2Fmedia&parent=2"}],"curies":[{"name":"wp","href":"https:\/\/api.w.org\/{rel}","templated":true}]}}