{"id":19,"date":"2014-12-11T22:16:39","date_gmt":"2014-12-11T22:16:39","guid":{"rendered":"http:\/\/canis-webdesign.de\/?page_id=19"},"modified":"2014-12-11T22:16:39","modified_gmt":"2014-12-11T22:16:39","slug":"sonderwuensche","status":"publish","type":"page","link":"http:\/\/canis-webdesign.de\/?page_id=19","title":{"rendered":"Sonderw\u00fcnsche"},"content":{"rendered":"<p>Zus\u00e4tzlich zu der normalen Webseiten-Gestaltung k\u00f6nnen nach Bedarf auch spezielle Arbeiten erforderlich sein,<\/p>\n<p>wie z.B. Bildbearbeitung, Erstellung von Bannern oder Logos, Vectorgrafiken, Gestaltung von Bildergalerien<\/p>\n<p>oder Erstellung von PDF-Formularen und online Formularen<\/p>\n<p>oder Programmierung von datenbankgest\u00fctzten Anwendungen wie z.B. Pedigree-Datenbank, Erfassung von Pr\u00fcfungsergebnissen, Mitgliederverwaltung f\u00fcr Vereine<\/p>\n<p>und anderes mehr.<\/p>\n<p>&nbsp;<\/p>\n<p>Bei Bedarf sprechen sie uns an, damit wir die M\u00f6glichkeit der Realisierung im Rahmen unserer zeitlichen M\u00f6glichkeiten und mit der vorhandenen Software \u00fcberpr\u00fcfen k\u00f6nnen.<\/p>\n","protected":false},"excerpt":{"rendered":"<p>Zus\u00e4tzlich zu der normalen Webseiten-Gestaltung k\u00f6nnen nach Bedarf auch spezielle Arbeiten erforderlich sein, wie z.B. Bildbearbeitung, Erstellung von Bannern oder Logos, Vectorgrafiken, Gestaltung von Bildergalerien oder Erstellung von PDF-Formularen und online Formularen oder Programmierung von datenbankgest\u00fctzten Anwendungen wie z.B. Pedigree-Datenbank, Erfassung von Pr\u00fcfungsergebnissen, Mitgliederverwaltung f\u00fcr Vereine und anderes mehr. &nbsp; Bei Bedarf sprechen sie uns [&hellip;]<\/p>\n","protected":false},"author":2,"featured_media":0,"parent":15,"menu_order":0,"comment_status":"closed","ping_status":"closed","template":"","meta":{"footnotes":""},"class_list":["post-19","page","type-page","status-publish","hentry"],"_links":{"self":[{"href":"http:\/\/canis-webdesign.de\/index.php?rest_route=\/wp\/v2\/pages\/19","targetHints":{"allow":["GET"]}}],"collection":[{"href":"http:\/\/canis-webdesign.de\/index.php?rest_route=\/wp\/v2\/pages"}],"about":[{"href":"http:\/\/canis-webdesign.de\/index.php?rest_route=\/wp\/v2\/types\/page"}],"author":[{"embeddable":true,"href":"http:\/\/canis-webdesign.de\/index.php?rest_route=\/wp\/v2\/users\/2"}],"replies":[{"embeddable":true,"href":"http:\/\/canis-webdesign.de\/index.php?rest_route=%2Fwp%2Fv2%2Fcomments&post=19"}],"version-history":[{"count":1,"href":"http:\/\/canis-webdesign.de\/index.php?rest_route=\/wp\/v2\/pages\/19\/revisions"}],"predecessor-version":[{"id":20,"href":"http:\/\/canis-webdesign.de\/index.php?rest_route=\/wp\/v2\/pages\/19\/revisions\/20"}],"up":[{"embeddable":true,"href":"http:\/\/canis-webdesign.de\/index.php?rest_route=\/wp\/v2\/pages\/15"}],"wp:attachment":[{"href":"http:\/\/canis-webdesign.de\/index.php?rest_route=%2Fwp%2Fv2%2Fmedia&parent=19"}],"curies":[{"name":"wp","href":"https:\/\/api.w.org\/{rel}","templated":true}]}}